{"id":4879,"date":"2017-11-08T15:10:45","date_gmt":"2017-11-08T14:10:45","guid":{"rendered":"https:\/\/www.loxeal.com\/hoja-de-datos-de-seguridad\/"},"modified":"2017-11-08T15:11:43","modified_gmt":"2017-11-08T14:11:43","slug":"hoja-de-datos-de-seguridad","status":"publish","type":"page","link":"https:\/\/www.loxeal.com\/es\/hoja-de-datos-de-seguridad\/","title":{"rendered":"Hoja de datos de seguridad"},"content":{"rendered":"<p><div class=\"fusion-fullwidth fullwidth-box fusion-builder-row-1 nonhundred-percent-fullwidth non-hundred-percent-height-scrolling\" style=\"--awb-border-radius-top-left:0px;--awb-border-radius-top-right:0px;--awb-border-radius-bottom-right:0px;--awb-border-radius-bottom-left:0px;--awb-flex-wrap:wrap;\" ><div class=\"fusion-builder-row fusion-row\"><div class=\"fusion-layout-column fusion_builder_column fusion-builder-column-0 fusion_builder_column_1_1 1_1 fusion-one-full fusion-column-first fusion-column-last\" style=\"--awb-bg-size:cover;\"><div class=\"fusion-column-wrapper fusion-flex-column-wrapper-legacy\"><div class=\"fusion-text fusion-text-1\"><div class=\"page\" title=\"Page 1\">\n<div class=\"layoutArea\">\n<div class=\"column\">\n<h1 style=\"text-align: center;\">Hoja de datos de seguridad<\/h1>\n<\/div>\n<\/div>\n<\/div>\n<\/div><div class=\"fusion-sep-clear\"><\/div><div class=\"fusion-separator fusion-full-width-sep\" style=\"margin-left: auto;margin-right: auto;margin-bottom:10px;width:100%;\"><\/div><div class=\"fusion-sep-clear\"><\/div><div class=\"fusion-clearfix\"><\/div><\/div><\/div><\/div><\/div><div class=\"fusion-fullwidth fullwidth-box fusion-builder-row-2 nonhundred-percent-fullwidth non-hundred-percent-height-scrolling\" style=\"--awb-border-radius-top-left:0px;--awb-border-radius-top-right:0px;--awb-border-radius-bottom-right:0px;--awb-border-radius-bottom-left:0px;--awb-flex-wrap:wrap;\" ><div class=\"fusion-builder-row fusion-row\"><div class=\"fusion-layout-column fusion_builder_column fusion-builder-column-1 fusion_builder_column_1_1 1_1 fusion-one-full fusion-column-first fusion-column-last\" style=\"--awb-bg-size:cover;\"><div class=\"fusion-column-wrapper fusion-flex-column-wrapper-legacy\">\n<div class=\"wpcf7 no-js\" id=\"wpcf7-f4872-o1\" lang=\"it-IT\" dir=\"ltr\">\n<div class=\"screen-reader-response\"><p role=\"status\" aria-live=\"polite\" aria-atomic=\"true\"><\/p> <ul><\/ul><\/div>\n<form action=\"\/es\/wp-json\/wp\/v2\/pages\/4879#wpcf7-f4872-o1\" method=\"post\" class=\"wpcf7-form init\" aria-label=\"Modulo di contatto\" novalidate=\"novalidate\" data-status=\"init\">\n<div style=\"display: none;\">\n<input type=\"hidden\" name=\"_wpcf7\" value=\"4872\" \/>\n<input type=\"hidden\" name=\"_wpcf7_version\" value=\"5.9.6\" \/>\n<input type=\"hidden\" name=\"_wpcf7_locale\" value=\"it_IT\" \/>\n<input type=\"hidden\" name=\"_wpcf7_unit_tag\" value=\"wpcf7-f4872-o1\" \/>\n<input type=\"hidden\" name=\"_wpcf7_container_post\" value=\"0\" \/>\n<input type=\"hidden\" name=\"_wpcf7_posted_data_hash\" value=\"\" \/>\n<input type=\"hidden\" name=\"_wpcf7_recaptcha_response\" value=\"\" \/>\n<\/div>\n<p><label> Nombre (obligatorio)<br \/>\n<span class=\"wpcf7-form-control-wrap\" data-name=\"your-name\"><input size=\"40\" maxlength=\"80\" class=\"wpcf7-form-control wpcf7-text wpcf7-validates-as-required\" aria-required=\"true\" aria-invalid=\"false\" value=\"\" type=\"text\" name=\"your-name\" \/><\/span> <\/label>\n<\/p>\n<p><label> Apellidos (obligatorio)<br \/>\n<span class=\"wpcf7-form-control-wrap\" data-name=\"text-443\"><input size=\"40\" maxlength=\"80\" class=\"wpcf7-form-control wpcf7-text wpcf7-validates-as-required\" aria-required=\"true\" aria-invalid=\"false\" value=\"\" type=\"text\" name=\"text-443\" \/><\/span> <\/label>\n<\/p>\n<p><label> Empresa (obligatorio)<br \/>\n<span class=\"wpcf7-form-control-wrap\" data-name=\"azienda\"><input size=\"40\" maxlength=\"80\" class=\"wpcf7-form-control wpcf7-text wpcf7-validates-as-required\" aria-required=\"true\" aria-invalid=\"false\" value=\"\" type=\"text\" name=\"azienda\" \/><\/span> <\/label>\n<\/p>\n<p><label> Direcci\u00f3n de la empresa (obligatorio)<br \/>\n<span class=\"wpcf7-form-control-wrap\" data-name=\"indirizzo-azienda\"><input size=\"40\" maxlength=\"80\" class=\"wpcf7-form-control wpcf7-text wpcf7-validates-as-required\" aria-required=\"true\" aria-invalid=\"false\" value=\"\" type=\"text\" name=\"indirizzo-azienda\" \/><\/span> <\/label>\n<\/p>\n<p><label> C\u00f3digo sobre identificaci\u00f3n del cliente<br \/>\n<span class=\"wpcf7-form-control-wrap\" data-name=\"text-282\"><input size=\"40\" maxlength=\"80\" class=\"wpcf7-form-control wpcf7-text\" aria-invalid=\"false\" value=\"\" type=\"text\" name=\"text-282\" \/><\/span> <\/label>\n<\/p>\n<p><label> Ciudad (obligatorio)<br \/>\n<span class=\"wpcf7-form-control-wrap\" data-name=\"citta\"><input size=\"40\" maxlength=\"80\" class=\"wpcf7-form-control wpcf7-text wpcf7-validates-as-required\" aria-required=\"true\" aria-invalid=\"false\" value=\"\" type=\"text\" name=\"citta\" \/><\/span> <\/label>\n<\/p>\n<p><label> Pa\u00eds (obligatorio)<\/label><br \/>\n<span class=\"wpcf7-form-control-wrap\" data-name=\"nazione\"><select class=\"wpcf7-form-control wpcf7-select\" aria-invalid=\"false\" name=\"nazione\"><option value=\"Italia\">Italia<\/option><option value=\"Afghanistan\">Afghanistan<\/option><option value=\"Albania\">Albania<\/option><option value=\"Algeria\">Algeria<\/option><option value=\"Andorra\">Andorra<\/option><option value=\"Angola\">Angola<\/option><option value=\"AntiguaeBarbuda\">AntiguaeBarbuda<\/option><option value=\"ArabiaSaudita\">ArabiaSaudita<\/option><option value=\"Argentina\">Argentina<\/option><option value=\"Armenia\">Armenia<\/option><option value=\"Australia\">Australia<\/option><option value=\"Austria\">Austria<\/option><option value=\"Azerbaigian\">Azerbaigian<\/option><option value=\"Bahamas\">Bahamas<\/option><option value=\"Bahrein\">Bahrein<\/option><option value=\"Bangladesh\">Bangladesh<\/option><option value=\"Barbados\">Barbados<\/option><option value=\"Belgio\">Belgio<\/option><option value=\"Belize\">Belize<\/option><option value=\"Benin\">Benin<\/option><option value=\"Bhutan\">Bhutan<\/option><option value=\"Bielorussia\">Bielorussia<\/option><option value=\"Birmania\">Birmania<\/option><option value=\"Bolivia\">Bolivia<\/option><option value=\"BosniaedErzegovina\">BosniaedErzegovina<\/option><option value=\"Botswana\">Botswana<\/option><option value=\"Brasile\">Brasile<\/option><option value=\"Brunei\">Brunei<\/option><option value=\"Bulgaria\">Bulgaria<\/option><option value=\"BurkinaFaso\">BurkinaFaso<\/option><option value=\"Burundi\">Burundi<\/option><option value=\"Cambogia\">Cambogia<\/option><option value=\"Camerun\">Camerun<\/option><option value=\"Canada\">Canada<\/option><option value=\"CapoVerde\">CapoVerde<\/option><option value=\"Ciad\">Ciad<\/option><option value=\"Cile\">Cile<\/option><option value=\"Cina\">Cina<\/option><option value=\"Cipro\">Cipro<\/option><option value=\"Colombia\">Colombia<\/option><option value=\"Comore\">Comore<\/option><option value=\"CoreadelNord\">CoreadelNord<\/option><option value=\"CoreadelSud\">CoreadelSud<\/option><option value=\"Costad&#039;Avorio\">Costad&#039;Avorio<\/option><option value=\"CostaRica\">CostaRica<\/option><option value=\"Croazia\">Croazia<\/option><option value=\"Cuba\">Cuba<\/option><option value=\"Danimarca\">Danimarca<\/option><option value=\"Dominica\">Dominica<\/option><option value=\"Ecuador\">Ecuador<\/option><option value=\"Egitto\">Egitto<\/option><option value=\"ElSalvador\">ElSalvador<\/option><option value=\"EmiratiArabiUniti\">EmiratiArabiUniti<\/option><option value=\"Eritrea\">Eritrea<\/option><option value=\"Estonia\">Estonia<\/option><option value=\"Etiopia\">Etiopia<\/option><option value=\"Figi\">Figi<\/option><option value=\"Filippine\">Filippine<\/option><option value=\"Finlandia\">Finlandia<\/option><option value=\"Francia\">Francia<\/option><option value=\"Gabon\">Gabon<\/option><option value=\"Gambia\">Gambia<\/option><option value=\"Georgia\">Georgia<\/option><option value=\"Germania\">Germania<\/option><option value=\"Ghana\">Ghana<\/option><option value=\"Giamaica\">Giamaica<\/option><option value=\"Giappone\">Giappone<\/option><option value=\"Gibuti\">Gibuti<\/option><option value=\"Giordania\">Giordania<\/option><option value=\"Grecia\">Grecia<\/option><option value=\"Grenada\">Grenada<\/option><option value=\"Guatemala\">Guatemala<\/option><option value=\"Guinea\">Guinea<\/option><option value=\"Guinea-Bissau\">Guinea-Bissau<\/option><option value=\"GuineaEquatoriale\">GuineaEquatoriale<\/option><option value=\"Guyana\">Guyana<\/option><option value=\"Haiti\">Haiti<\/option><option value=\"Honduras\">Honduras<\/option><option value=\"India\">India<\/option><option value=\"Indonesia\">Indonesia<\/option><option value=\"Iran\">Iran<\/option><option value=\"Iraq\">Iraq<\/option><option value=\"Irlanda\">Irlanda<\/option><option value=\"Islanda\">Islanda<\/option><option value=\"IsoleMarshall\">IsoleMarshall<\/option><option value=\"IsoleSalomone\">IsoleSalomone<\/option><option value=\"Israele\">Israele<\/option><option value=\"Kazakistan\">Kazakistan<\/option><option value=\"Kenya\">Kenya<\/option><option value=\"Kirghizistan\">Kirghizistan<\/option><option value=\"Kiribati\">Kiribati<\/option><option value=\"Kuwait\">Kuwait<\/option><option value=\"Laos\">Laos<\/option><option value=\"Lesotho\">Lesotho<\/option><option value=\"Lettonia\">Lettonia<\/option><option value=\"Libano\">Libano<\/option><option value=\"Liberia\">Liberia<\/option><option value=\"Libia\">Libia<\/option><option value=\"Liechtenstein\">Liechtenstein<\/option><option value=\"Lituania\">Lituania<\/option><option value=\"Lussemburgo\">Lussemburgo<\/option><option value=\"Macedonia\">Macedonia<\/option><option value=\"Madagascar\">Madagascar<\/option><option value=\"Malawi\">Malawi<\/option><option value=\"Maldive\">Maldive<\/option><option value=\"Malesia\">Malesia<\/option><option value=\"Mali\">Mali<\/option><option value=\"Malta\">Malta<\/option><option value=\"Marocco\">Marocco<\/option><option value=\"Mauritania\">Mauritania<\/option><option value=\"Mauritius\">Mauritius<\/option><option value=\"Messico\">Messico<\/option><option value=\"Micronesia\">Micronesia<\/option><option value=\"Moldavia\">Moldavia<\/option><option value=\"Monaco\">Monaco<\/option><option value=\"Mongolia\">Mongolia<\/option><option value=\"Montenegro\">Montenegro<\/option><option value=\"Mozambico\">Mozambico<\/option><option value=\"Namibia\">Namibia<\/option><option value=\"Nauru\">Nauru<\/option><option value=\"Nepal\">Nepal<\/option><option value=\"Nicaragua\">Nicaragua<\/option><option value=\"Niger\">Niger<\/option><option value=\"Nigeria\">Nigeria<\/option><option value=\"Norvegia(totale)\">Norvegia(totale)<\/option><option value=\"NuovaZelanda\">NuovaZelanda<\/option><option value=\"Oman\">Oman<\/option><option value=\"PaesiBassi\">PaesiBassi<\/option><option value=\"Pakistan\">Pakistan<\/option><option value=\"Palau\">Palau<\/option><option value=\"Palestina\">Palestina<\/option><option value=\"Panam\u00e1\">Panam\u00e1<\/option><option value=\"PapuaNuovaGuinea\">PapuaNuovaGuinea<\/option><option value=\"Paraguay\">Paraguay<\/option><option value=\"Per\u00f9\">Per\u00f9<\/option><option value=\"Polonia\">Polonia<\/option><option value=\"Portogallo\">Portogallo<\/option><option value=\"Qatar\">Qatar<\/option><option value=\"RDdelCongo\">RDdelCongo<\/option><option value=\"RegnoUnito\">RegnoUnito<\/option><option value=\"Rep.Ceca\">Rep.Ceca<\/option><option value=\"Rep.Centrafricana\">Rep.Centrafricana<\/option><option value=\"Rep.delCongo\">Rep.delCongo<\/option><option value=\"Rep.Dominicana\">Rep.Dominicana<\/option><option value=\"Romania\">Romania<\/option><option value=\"Ruanda\">Ruanda<\/option><option value=\"Russia\">Russia<\/option><option value=\"SaintKittseNevis\">SaintKittseNevis<\/option><option value=\"SaintVincenteGrenadine\">SaintVincenteGrenadine<\/option><option value=\"Samoa\">Samoa<\/option><option value=\"SanMarino\">SanMarino<\/option><option value=\"SantaLucia\">SantaLucia<\/option><option value=\"S\u00e3oTom\u00e9ePr\u00edncipe\">S\u00e3oTom\u00e9ePr\u00edncipe<\/option><option value=\"Senegal\">Senegal<\/option><option value=\"Serbia(totale)\">Serbia(totale)<\/option><option value=\"Seychelles\">Seychelles<\/option><option value=\"SierraLeone\">SierraLeone<\/option><option value=\"Singapore\">Singapore<\/option><option value=\"Siria\">Siria<\/option><option value=\"Slovacchia\">Slovacchia<\/option><option value=\"Slovenia\">Slovenia<\/option><option value=\"Somalia\">Somalia<\/option><option value=\"Spagna\">Spagna<\/option><option value=\"SriLanka\">SriLanka<\/option><option value=\"StatiUnitid&#039;America\">StatiUnitid&#039;America<\/option><option value=\"Sudafrica\">Sudafrica<\/option><option value=\"Sudan\">Sudan<\/option><option value=\"SudandelSud\">SudandelSud<\/option><option value=\"Suriname\">Suriname<\/option><option value=\"Svezia\">Svezia<\/option><option value=\"Svizzera\">Svizzera<\/option><option value=\"Swaziland\">Swaziland<\/option><option value=\"Tagikistan\">Tagikistan<\/option><option value=\"Taiwan\">Taiwan<\/option><option value=\"Tanzania\">Tanzania<\/option><option value=\"Thailandia\">Thailandia<\/option><option value=\"TimorEst\">TimorEst<\/option><option value=\"Togo\">Togo<\/option><option value=\"Tonga\">Tonga<\/option><option value=\"TrinidadeTobago\">TrinidadeTobago<\/option><option value=\"Tunisia\">Tunisia<\/option><option value=\"Turchia\">Turchia<\/option><option value=\"Turkmenistan\">Turkmenistan<\/option><option value=\"Tuvalu\">Tuvalu<\/option><option value=\"Ucraina\">Ucraina<\/option><option value=\"Uganda\">Uganda<\/option><option value=\"Ungheria\">Ungheria<\/option><option value=\"Uruguay\">Uruguay<\/option><option value=\"Uzbekistan\">Uzbekistan<\/option><option value=\"Vanuatu\">Vanuatu<\/option><option value=\"Venezuela\">Venezuela<\/option><option value=\"Vietnam\">Vietnam<\/option><option value=\"Yemen\">Yemen<\/option><option value=\"Zambia\">Zambia<\/option><option value=\"Zimbabwe\">Zimbabwe<\/option><\/select><\/span><br \/>\n<label> N\u00famero de tel\u00e9fono (obligatorio)<br \/>\n<span class=\"wpcf7-form-control-wrap\" data-name=\"telefono\"><input size=\"40\" maxlength=\"80\" class=\"wpcf7-form-control wpcf7-text wpcf7-validates-as-required\" aria-required=\"true\" aria-invalid=\"false\" value=\"\" type=\"text\" name=\"telefono\" \/><\/span> <\/label>\n<\/p>\n<p><label> Direcci\u00f3n de correo electr\u00f3nico (obligatorio)<br \/>\n<span class=\"wpcf7-form-control-wrap\" data-name=\"your-email\"><input size=\"40\" maxlength=\"80\" class=\"wpcf7-form-control wpcf7-email wpcf7-validates-as-required wpcf7-text wpcf7-validates-as-email\" aria-required=\"true\" aria-invalid=\"false\" value=\"\" type=\"email\" name=\"your-email\" \/><\/span> <\/label>\n<\/p>\n<p><label> Producto de Loxeal (obligatorio)<br \/>\n<span class=\"wpcf7-form-control-wrap\" data-name=\"prodotto\"><input size=\"40\" maxlength=\"80\" class=\"wpcf7-form-control wpcf7-text\" aria-invalid=\"false\" value=\"\" type=\"text\" name=\"prodotto\" \/><\/span> <\/label>\n<\/p>\n<p><label> Idioma preferido (obligatorio)<br \/>\n<span class=\"wpcf7-form-control-wrap\" data-name=\"lingua\"><input size=\"40\" maxlength=\"80\" class=\"wpcf7-form-control wpcf7-text\" aria-invalid=\"false\" value=\"\" type=\"text\" name=\"lingua\" \/><\/span> <\/label>\n<\/p>\n<p><label> Mensaje<br \/>\n<span class=\"wpcf7-form-control-wrap\" data-name=\"your-message\"><textarea cols=\"40\" rows=\"10\" maxlength=\"400\" class=\"wpcf7-form-control wpcf7-textarea\" aria-invalid=\"false\" name=\"your-message\"><\/textarea><\/span> <\/label>\n<\/p>\n<p><label> <span class=\"wpcf7-form-control-wrap\" data-name=\"checkbox-919\"><span class=\"wpcf7-form-control wpcf7-checkbox wpcf7-validates-as-required\"><span class=\"wpcf7-list-item first last\"><input type=\"checkbox\" name=\"checkbox-919[]\" value=\"Autorizo el uso de mis datos personales de conformidad con la Pol\u00edtica de Privacidad\" \/><span class=\"wpcf7-list-item-label\">Autorizo el uso de mis datos personales de conformidad con la Pol\u00edtica de Privacidad<\/span><\/span><\/span><\/span> <a href=\"http:\/\/99.80.168.191\/loxeal-new\/es\/politica-de-privacidad\/\">\n\t\t\t<Font color=\"#FF0000\">Leer la Pol\u00edtica de Privacidad\n\t\t\t<\/font> <\/a> <\/label>\n<\/p>\n\n<p><input class=\"wpcf7-form-control wpcf7-submit has-spinner\" type=\"submit\" value=\"ENVIAR\" \/>\n<\/p><div class=\"fusion-alert alert custom alert-custom fusion-alert-center wpcf7-response-output awb-alert-native-link-color alert-dismissable awb-alert-close-boxed\" style=\"--awb-border-top-left-radius:0px;--awb-border-top-right-radius:0px;--awb-border-bottom-left-radius:0px;--awb-border-bottom-right-radius:0px;\" role=\"alert\"><div class=\"fusion-alert-content-wrapper\"><span class=\"fusion-alert-content\"><\/span><\/div><button type=\"button\" class=\"close toggle-alert\" data-dismiss=\"alert\" aria-label=\"Close\">&times;<\/button><\/div>\n<\/form>\n<\/div>\n<div class=\"fusion-clearfix\"><\/div><\/div><\/div><\/div><\/div><\/p>\n","protected":false},"excerpt":{"rendered":"","protected":false},"author":14,"featured_media":0,"parent":0,"menu_order":0,"comment_status":"closed","ping_status":"closed","template":"","meta":{"footnotes":""},"yoast_head":"<!-- This site is optimized with the Yoast SEO plugin v22.9 - https:\/\/yoast.com\/wordpress\/plugins\/seo\/ -->\n<title>Hoja de datos de seguridad | Loxeal S.r.l.<\/title>\n<meta name=\"robots\" content=\"index, follow, max-snippet:-1, max-image-preview:large, max-video-preview:-1\" \/>\n<link rel=\"canonical\" href=\"https:\/\/www.loxeal.com\/schede-di-sicurezza\/\" \/>\n<meta property=\"og:locale\" content=\"es_ES\" \/>\n<meta property=\"og:type\" content=\"article\" \/>\n<meta property=\"og:title\" content=\"Hoja de datos de seguridad | Loxeal S.r.l.\" \/>\n<meta property=\"og:url\" content=\"https:\/\/www.loxeal.com\/schede-di-sicurezza\/\" \/>\n<meta property=\"og:site_name\" content=\"Loxeal S.r.l.\" \/>\n<meta property=\"article:modified_time\" content=\"2017-11-08T14:11:43+00:00\" \/>\n<meta name=\"twitter:card\" content=\"summary_large_image\" \/>\n<meta name=\"twitter:label1\" content=\"Tiempo de lectura\" \/>\n\t<meta name=\"twitter:data1\" content=\"2 minutos\" \/>\n<script type=\"application\/ld+json\" class=\"yoast-schema-graph\">{\"@context\":\"https:\/\/schema.org\",\"@graph\":[{\"@type\":\"WebPage\",\"@id\":\"https:\/\/www.loxeal.com\/schede-di-sicurezza\/\",\"url\":\"https:\/\/www.loxeal.com\/schede-di-sicurezza\/\",\"name\":\"Hoja de datos de seguridad | Loxeal S.r.l.\",\"isPartOf\":{\"@id\":\"https:\/\/www.loxeal.com\/en\/#website\"},\"datePublished\":\"2017-11-08T14:10:45+00:00\",\"dateModified\":\"2017-11-08T14:11:43+00:00\",\"breadcrumb\":{\"@id\":\"https:\/\/www.loxeal.com\/schede-di-sicurezza\/#breadcrumb\"},\"inLanguage\":\"es\",\"potentialAction\":[{\"@type\":\"ReadAction\",\"target\":[\"https:\/\/www.loxeal.com\/schede-di-sicurezza\/\"]}]},{\"@type\":\"BreadcrumbList\",\"@id\":\"https:\/\/www.loxeal.com\/schede-di-sicurezza\/#breadcrumb\",\"itemListElement\":[{\"@type\":\"ListItem\",\"position\":1,\"name\":\"Home\",\"item\":\"https:\/\/www.loxeal.com\/es\/\"},{\"@type\":\"ListItem\",\"position\":2,\"name\":\"Hoja de datos de seguridad\"}]},{\"@type\":\"WebSite\",\"@id\":\"https:\/\/www.loxeal.com\/en\/#website\",\"url\":\"https:\/\/www.loxeal.com\/en\/\",\"name\":\"Loxeal S.r.l.\",\"description\":\"\",\"potentialAction\":[{\"@type\":\"SearchAction\",\"target\":{\"@type\":\"EntryPoint\",\"urlTemplate\":\"https:\/\/www.loxeal.com\/en\/?s={search_term_string}\"},\"query-input\":\"required name=search_term_string\"}],\"inLanguage\":\"es\"}]}<\/script>\n<!-- \/ Yoast SEO plugin. -->","yoast_head_json":{"title":"Hoja de datos de seguridad | Loxeal S.r.l.","robots":{"index":"index","follow":"follow","max-snippet":"max-snippet:-1","max-image-preview":"max-image-preview:large","max-video-preview":"max-video-preview:-1"},"canonical":"https:\/\/www.loxeal.com\/schede-di-sicurezza\/","og_locale":"es_ES","og_type":"article","og_title":"Hoja de datos de seguridad | Loxeal S.r.l.","og_url":"https:\/\/www.loxeal.com\/schede-di-sicurezza\/","og_site_name":"Loxeal S.r.l.","article_modified_time":"2017-11-08T14:11:43+00:00","twitter_card":"summary_large_image","twitter_misc":{"Tiempo de lectura":"2 minutos"},"schema":{"@context":"https:\/\/schema.org","@graph":[{"@type":"WebPage","@id":"https:\/\/www.loxeal.com\/schede-di-sicurezza\/","url":"https:\/\/www.loxeal.com\/schede-di-sicurezza\/","name":"Hoja de datos de seguridad | Loxeal S.r.l.","isPartOf":{"@id":"https:\/\/www.loxeal.com\/en\/#website"},"datePublished":"2017-11-08T14:10:45+00:00","dateModified":"2017-11-08T14:11:43+00:00","breadcrumb":{"@id":"https:\/\/www.loxeal.com\/schede-di-sicurezza\/#breadcrumb"},"inLanguage":"es","potentialAction":[{"@type":"ReadAction","target":["https:\/\/www.loxeal.com\/schede-di-sicurezza\/"]}]},{"@type":"BreadcrumbList","@id":"https:\/\/www.loxeal.com\/schede-di-sicurezza\/#breadcrumb","itemListElement":[{"@type":"ListItem","position":1,"name":"Home","item":"https:\/\/www.loxeal.com\/es\/"},{"@type":"ListItem","position":2,"name":"Hoja de datos de seguridad"}]},{"@type":"WebSite","@id":"https:\/\/www.loxeal.com\/en\/#website","url":"https:\/\/www.loxeal.com\/en\/","name":"Loxeal S.r.l.","description":"","potentialAction":[{"@type":"SearchAction","target":{"@type":"EntryPoint","urlTemplate":"https:\/\/www.loxeal.com\/en\/?s={search_term_string}"},"query-input":"required name=search_term_string"}],"inLanguage":"es"}]}},"_links":{"self":[{"href":"https:\/\/www.loxeal.com\/es\/wp-json\/wp\/v2\/pages\/4879"}],"collection":[{"href":"https:\/\/www.loxeal.com\/es\/wp-json\/wp\/v2\/pages"}],"about":[{"href":"https:\/\/www.loxeal.com\/es\/wp-json\/wp\/v2\/types\/page"}],"author":[{"embeddable":true,"href":"https:\/\/www.loxeal.com\/es\/wp-json\/wp\/v2\/users\/14"}],"replies":[{"embeddable":true,"href":"https:\/\/www.loxeal.com\/es\/wp-json\/wp\/v2\/comments?post=4879"}],"version-history":[{"count":5,"href":"https:\/\/www.loxeal.com\/es\/wp-json\/wp\/v2\/pages\/4879\/revisions"}],"predecessor-version":[{"id":4885,"href":"https:\/\/www.loxeal.com\/es\/wp-json\/wp\/v2\/pages\/4879\/revisions\/4885"}],"wp:attachment":[{"href":"https:\/\/www.loxeal.com\/es\/wp-json\/wp\/v2\/media?parent=4879"}],"curies":[{"name":"wp","href":"https:\/\/api.w.org\/{rel}","templated":true}]}}