{"id":4845,"date":"2017-11-08T13:19:39","date_gmt":"2017-11-08T12:19:39","guid":{"rendered":"https:\/\/www.loxeal.com\/politica-de-privacidad\/"},"modified":"2017-11-08T13:19:42","modified_gmt":"2017-11-08T12:19:42","slug":"politica-de-privacidad","status":"publish","type":"page","link":"https:\/\/www.loxeal.com\/es\/politica-de-privacidad\/","title":{"rendered":"Pol\u00ectica de Privacidad"},"content":{"rendered":"<div class=\"fusion-fullwidth fullwidth-box fusion-builder-row-1 nonhundred-percent-fullwidth non-hundred-percent-height-scrolling\" style=\"--awb-border-radius-top-left:0px;--awb-border-radius-top-right:0px;--awb-border-radius-bottom-right:0px;--awb-border-radius-bottom-left:0px;--awb-flex-wrap:wrap;\" ><div class=\"fusion-builder-row fusion-row\"><div class=\"fusion-layout-column fusion_builder_column fusion-builder-column-0 fusion_builder_column_1_1 1_1 fusion-one-full fusion-column-first fusion-column-last\" style=\"--awb-bg-size:cover;\"><div class=\"fusion-column-wrapper fusion-flex-column-wrapper-legacy\"><div class=\"fusion-text fusion-text-1\"><h1 style=\"text-align: center;\">Pol\u00ectica de Privacidad<\/h1>\n<p>\u00daltima actualizaci\u00f3n: 30 de septiembre de 2017<\/p>\n<p>En esta p\u00e1gina se describe el modo y la l\u00f3gica del tratamiento de los datos personales de los usuarios (denominados en adelante \u201clos usuarios\u201d) que visitan el sitio www.loxeal.com (denominado en adelante \u201cel sitio\u201d).<\/p>\n<p>La divulgaci\u00f3n de datos de car\u00e1cter personal se realiza de conformidad con la legislaci\u00f3n italiana (art\u00edculo 13 del Decreto Legislativo n\u00famero 196\/2003, C\u00f3digo en materia de protecci\u00f3n de datos personales). Afecta a todos los usuarios que faciliten sus datos personales a Loxeal S.r.l. mientras visitan el sitio web.<\/p>\n<p>La divulgaci\u00f3n en esta p\u00e1gina se refiere \u00fanicamente a este sitio web, y no a otros sitios web a los que se puede acceder a trav\u00e9s de los hiperenlaces.<\/p>\n<p>EL RESPONSABLE DEL TRATAMIENTO DE LOS DATOS<\/p>\n<p>El propietario de los datos recopilados a trav\u00e9s del sitio web es el Sr. Andrea Grossi, representante legal de Loxeal S.r.l., con domicilio social en la calle G. Marconato, 2 \u2013 20811 Cesano Maderno (MB), y direcci\u00f3n de correo electr\u00f3nico info@99.80.168.191.<\/p>\n<p>Los datos ser\u00e1n tratados por los empleados del propietario, debidamente designados si est\u00e1n interesados en el tratamiento. Cualquier tercero a quien pudieran comunicarse los datos para la ejecuci\u00f3n de operaciones relacionadas con los fines especificados en la presente declaraci\u00f3n ser\u00e1 designado previamente por el propietario como responsable del tratamiento, de conformidad con el art\u00edculo 29 del C\u00f3digo en materia de protecci\u00f3n de datos personales. Los datos no pueden divulgarse.<\/p>\n<p>LUGAR DE TRATAMIENTO DE LOS DATOS<\/p>\n<p>Todos los datos recopilados se tratar\u00e1n en la sede de la empresa.<\/p>\n<p>TIPO DE DATOS TRATADOS Y FINALIDAD DEL TRATAMIENTO<\/p>\n<p>Todos los datos personales facilitados por medio del sitio web se tratar\u00e1n l\u00edcita y equitativamente para la prestaci\u00f3n de los servicios solicitados, as\u00ed como para responder a los mensajes y las solicitudes de los usuarios; si no se facilitan los datos, los usuarios no podr\u00e1n acceder al servicio.<\/p>\n<ol>\n<li>a) Datos facilitados de manera voluntaria<\/li>\n<\/ol>\n<p>A trav\u00e9s del sitio web puede solicitar informaci\u00f3n de diversas clases y asistencia t\u00e9cnica, para lo cual deber\u00e1 facilitar su nombre y apellidos, n\u00famero de tel\u00e9fono y direcci\u00f3n de correo electr\u00f3nico. Los usuarios pueden facilitar otros datos de car\u00e1cter personal de manera voluntaria por medio de las solicitudes que env\u00eden a la direcci\u00f3n de contacto que figura en el sitio web.<\/p>\n<ol>\n<li>b) Cookies<\/li>\n<\/ol>\n<p>Las \u201ccookies\u201d son peque\u00f1os archivos de texto que los sitios web visitados env\u00edan al terminal del usuario, donde se almacenan, y posteriormente se vuelven a transmitir a los mismos sitios en la siguiente visita.<\/p>\n<p>Este sitio web utiliza lo siguiente:<\/p>\n<p>Cookies de sesi\u00f3n, utilizadas para la gesti\u00f3n del servicio de autenticaci\u00f3n que da acceso a las \u00e1reas reservadas del sitio. Las cookies de autenticaci\u00f3n permiten guardar el nombre de usuario temporal y la contrase\u00f1a elegida para acceder al \u00e1rea reservada del sitio web;<\/p>\n<p>Las cookies de an\u00e1lisis se utilizan para recopilar informaci\u00f3n, de manera agregada, sobre el n\u00famero de usuarios y el modo en que visitan el sitio web. El sitio www.loxeal.com utiliza el servicio de Google Analytics, cuya pol\u00edtica sobre cookies puede consultarse en este enlace. Para respetar la privacidad de nuestros usuarios, el servicio se utiliza con la funci\u00f3n \u201cANONYMIZEIP\u201d activa, lo que permite ocultar las direcciones IP de los usuarios que navegan por el sitio web: M\u00e1s informaci\u00f3n sobre esta funcionalidad. Los datos se recopilan con la \u00fanica finalidad de disponer de informaci\u00f3n estad\u00edstica an\u00f3nima sobre el uso del sitio web y para verificar el correcto funcionamiento del mismo. Los datos sobre la navegaci\u00f3n podr\u00e1n utilizarse con el fin de identificar a los usuarios solo si fuera necesario para detectar delitos inform\u00e1ticos.<\/p>\n<p>Las cookies que utiliza el sitio no permiten la recopilaci\u00f3n de informaci\u00f3n personal de los usuarios y se cancelar\u00e1n autom\u00e1ticamente al cerrar el navegador.<\/p>\n<p>Los datos de navegaci\u00f3n se eliminan inmediatamente despu\u00e9s de su tratamiento estad\u00edstico y, en cualquier caso, no se conservan m\u00e1s de siete d\u00edas desde el momento en que se recopilaron, salvo que su ulterior conservaci\u00f3n sea necesaria para la detecci\u00f3n de delitos.<\/p>\n<p>Las cookies no se utilizan para actividades de elaboraci\u00f3n de perfiles de los usuarios.<\/p>\n<p>El usuario puede optar por habilitar o deshabilitar las cookies cambiando la configuraci\u00f3n de su navegador con arreglo a las instrucciones facilitadas por los proveedores respectivos en los enlaces siguientes.<\/p>\n<p>Chrome<\/p>\n<p>Firefox<\/p>\n<p>Safari<\/p>\n<p>Internet Explorer<\/p>\n<p>Opera<\/p>\n<p>En caso de deshabilitar las cookies de sesi\u00f3n, el usuario no podr\u00e1 autenticarse ni acceder al \u00e1rea reservada del sitio web.<\/p>\n<p>FACILITAR DATOS OPCIONALES<\/p>\n<p>Aparte de lo que se especifica para los datos de navegaci\u00f3n, cualquier dato facilitado a trav\u00e9s de los formularios de contacto o cualquier otra comunicaci\u00f3n se transmiten siempre de manera de voluntaria. No obstante, en caso de que no se cumplimenten los datos obligatorios de los formularios, Loxeal S.r.l. no podr\u00e1 prestar al usuario el servicio solicitado.<\/p>\n<p>MODALIDADES DE TRATAMIENTO<\/p>\n<p>Los datos de car\u00e1cter personal se tratan con herramientas automatizadas el tiempo estrictamente necesario para alcanzar los fines para los que han sido recopilados de conformidad con el art\u00edculo 11, letra e) del C\u00f3digo de privacidad. Loxeal S.r.l. adopta todas las medidas de seguridad que ofrece el C\u00f3digo de privacidad para proteger los datos recopilados, con el fin de evitar los riesgos de p\u00e9rdida o robo de datos, acceso no autorizado y uso il\u00edcito e incorrecto de los mismos.<\/p>\n<p>DERECHOS DE LAS PARTES INTERESADAS<\/p>\n<p>Los usuarios pueden ejercer en cualquier momento los derechos que se contemplan en el art\u00edculo 7 del C\u00f3digo de privacidad a fin de obtener confirmaci\u00f3n de la existencia o no de sus datos personales, as\u00ed como para saber su contenido y origen, verificar su exactitud o solicitar su integraci\u00f3n o actualizaci\u00f3n, o su rectificaci\u00f3n. Con arreglo a la misma disposici\u00f3n, el usuario puede tambi\u00e9n solicitar la cancelaci\u00f3n, transformaci\u00f3n a un formato an\u00f3nimo o bloqueo de los datos tratados que infrinjan la legislaci\u00f3n, as\u00ed como oponerse en cualquier momento, por motivos leg\u00edtimos, a su tratamiento. Las solicitudes deben dirigirse a info@99.80.168.191. A trav\u00e9s de estos mismos datos de contacto, el usuario puede tambi\u00e9n solicitar la lista actualizada de todas las personas designadas por el propietario para el tratamiento de los datos.<\/p>\n<p>ACTUALIZACIONES<\/p>\n<p>La pol\u00edtica de privacidad de este sitio web est\u00e1 sujeta a actualizaciones. En consecuencia, se recomienda a los usuarios que consulten peri\u00f3dicamente los contenidos.<\/p>\n<\/div><div class=\"fusion-clearfix\"><\/div><\/div><\/div><\/div><\/div>\n","protected":false},"excerpt":{"rendered":"","protected":false},"author":14,"featured_media":0,"parent":0,"menu_order":0,"comment_status":"closed","ping_status":"closed","template":"","meta":{"footnotes":""},"yoast_head":"<!-- This site is optimized with the Yoast SEO plugin v22.9 - https:\/\/yoast.com\/wordpress\/plugins\/seo\/ -->\n<title>Pol\u00ectica de Privacidad | Loxeal S.r.l.<\/title>\n<meta name=\"robots\" content=\"index, follow, max-snippet:-1, max-image-preview:large, max-video-preview:-1\" \/>\n<link rel=\"canonical\" href=\"https:\/\/www.loxeal.com\/privacy-policy\/\" \/>\n<meta property=\"og:locale\" content=\"es_ES\" \/>\n<meta property=\"og:type\" content=\"article\" \/>\n<meta property=\"og:title\" content=\"Pol\u00ectica de Privacidad | Loxeal S.r.l.\" \/>\n<meta property=\"og:url\" content=\"https:\/\/www.loxeal.com\/privacy-policy\/\" \/>\n<meta property=\"og:site_name\" content=\"Loxeal S.r.l.\" \/>\n<meta property=\"article:modified_time\" content=\"2017-11-08T12:19:42+00:00\" \/>\n<meta name=\"twitter:card\" content=\"summary_large_image\" \/>\n<meta name=\"twitter:label1\" content=\"Tiempo de lectura\" \/>\n\t<meta name=\"twitter:data1\" content=\"6 minutos\" \/>\n<script type=\"application\/ld+json\" class=\"yoast-schema-graph\">{\"@context\":\"https:\/\/schema.org\",\"@graph\":[{\"@type\":\"WebPage\",\"@id\":\"https:\/\/www.loxeal.com\/privacy-policy\/\",\"url\":\"https:\/\/www.loxeal.com\/privacy-policy\/\",\"name\":\"Pol\u00ectica de Privacidad | Loxeal S.r.l.\",\"isPartOf\":{\"@id\":\"https:\/\/www.loxeal.com\/en\/#website\"},\"datePublished\":\"2017-11-08T12:19:39+00:00\",\"dateModified\":\"2017-11-08T12:19:42+00:00\",\"breadcrumb\":{\"@id\":\"https:\/\/www.loxeal.com\/privacy-policy\/#breadcrumb\"},\"inLanguage\":\"es\",\"potentialAction\":[{\"@type\":\"ReadAction\",\"target\":[\"https:\/\/www.loxeal.com\/privacy-policy\/\"]}]},{\"@type\":\"BreadcrumbList\",\"@id\":\"https:\/\/www.loxeal.com\/privacy-policy\/#breadcrumb\",\"itemListElement\":[{\"@type\":\"ListItem\",\"position\":1,\"name\":\"Home\",\"item\":\"https:\/\/www.loxeal.com\/es\/\"},{\"@type\":\"ListItem\",\"position\":2,\"name\":\"Pol\u00ectica de Privacidad\"}]},{\"@type\":\"WebSite\",\"@id\":\"https:\/\/www.loxeal.com\/en\/#website\",\"url\":\"https:\/\/www.loxeal.com\/en\/\",\"name\":\"Loxeal S.r.l.\",\"description\":\"\",\"potentialAction\":[{\"@type\":\"SearchAction\",\"target\":{\"@type\":\"EntryPoint\",\"urlTemplate\":\"https:\/\/www.loxeal.com\/en\/?s={search_term_string}\"},\"query-input\":\"required name=search_term_string\"}],\"inLanguage\":\"es\"}]}<\/script>\n<!-- \/ Yoast SEO plugin. -->","yoast_head_json":{"title":"Pol\u00ectica de Privacidad | Loxeal S.r.l.","robots":{"index":"index","follow":"follow","max-snippet":"max-snippet:-1","max-image-preview":"max-image-preview:large","max-video-preview":"max-video-preview:-1"},"canonical":"https:\/\/www.loxeal.com\/privacy-policy\/","og_locale":"es_ES","og_type":"article","og_title":"Pol\u00ectica de Privacidad | Loxeal S.r.l.","og_url":"https:\/\/www.loxeal.com\/privacy-policy\/","og_site_name":"Loxeal S.r.l.","article_modified_time":"2017-11-08T12:19:42+00:00","twitter_card":"summary_large_image","twitter_misc":{"Tiempo de lectura":"6 minutos"},"schema":{"@context":"https:\/\/schema.org","@graph":[{"@type":"WebPage","@id":"https:\/\/www.loxeal.com\/privacy-policy\/","url":"https:\/\/www.loxeal.com\/privacy-policy\/","name":"Pol\u00ectica de Privacidad | Loxeal S.r.l.","isPartOf":{"@id":"https:\/\/www.loxeal.com\/en\/#website"},"datePublished":"2017-11-08T12:19:39+00:00","dateModified":"2017-11-08T12:19:42+00:00","breadcrumb":{"@id":"https:\/\/www.loxeal.com\/privacy-policy\/#breadcrumb"},"inLanguage":"es","potentialAction":[{"@type":"ReadAction","target":["https:\/\/www.loxeal.com\/privacy-policy\/"]}]},{"@type":"BreadcrumbList","@id":"https:\/\/www.loxeal.com\/privacy-policy\/#breadcrumb","itemListElement":[{"@type":"ListItem","position":1,"name":"Home","item":"https:\/\/www.loxeal.com\/es\/"},{"@type":"ListItem","position":2,"name":"Pol\u00ectica de Privacidad"}]},{"@type":"WebSite","@id":"https:\/\/www.loxeal.com\/en\/#website","url":"https:\/\/www.loxeal.com\/en\/","name":"Loxeal S.r.l.","description":"","potentialAction":[{"@type":"SearchAction","target":{"@type":"EntryPoint","urlTemplate":"https:\/\/www.loxeal.com\/en\/?s={search_term_string}"},"query-input":"required name=search_term_string"}],"inLanguage":"es"}]}},"_links":{"self":[{"href":"https:\/\/www.loxeal.com\/es\/wp-json\/wp\/v2\/pages\/4845"}],"collection":[{"href":"https:\/\/www.loxeal.com\/es\/wp-json\/wp\/v2\/pages"}],"about":[{"href":"https:\/\/www.loxeal.com\/es\/wp-json\/wp\/v2\/types\/page"}],"author":[{"embeddable":true,"href":"https:\/\/www.loxeal.com\/es\/wp-json\/wp\/v2\/users\/14"}],"replies":[{"embeddable":true,"href":"https:\/\/www.loxeal.com\/es\/wp-json\/wp\/v2\/comments?post=4845"}],"version-history":[{"count":1,"href":"https:\/\/www.loxeal.com\/es\/wp-json\/wp\/v2\/pages\/4845\/revisions"}],"predecessor-version":[{"id":4847,"href":"https:\/\/www.loxeal.com\/es\/wp-json\/wp\/v2\/pages\/4845\/revisions\/4847"}],"wp:attachment":[{"href":"https:\/\/www.loxeal.com\/es\/wp-json\/wp\/v2\/media?parent=4845"}],"curies":[{"name":"wp","href":"https:\/\/api.w.org\/{rel}","templated":true}]}}