{"id":4826,"date":"2017-11-08T13:05:28","date_gmt":"2017-11-08T12:05:28","guid":{"rendered":"https:\/\/www.loxeal.com\/certificados\/"},"modified":"2023-07-03T17:04:15","modified_gmt":"2023-07-03T15:04:15","slug":"certificados","status":"publish","type":"page","link":"https:\/\/www.loxeal.com\/es\/certificados\/","title":{"rendered":"Certificados"},"content":{"rendered":"<div class=\"fusion-fullwidth fullwidth-box fusion-builder-row-1 nonhundred-percent-fullwidth non-hundred-percent-height-scrolling\" style=\"--awb-border-radius-top-left:0px;--awb-border-radius-top-right:0px;--awb-border-radius-bottom-right:0px;--awb-border-radius-bottom-left:0px;--awb-padding-right:8px;--awb-padding-bottom:20px;--awb-padding-left:8px;--awb-flex-wrap:wrap;\" ><div class=\"fusion-builder-row fusion-row\"><div class=\"fusion-layout-column fusion_builder_column fusion-builder-column-0 fusion_builder_column_1_1 1_1 fusion-one-full fusion-column-first fusion-column-last\" style=\"--awb-bg-size:cover;\"><div class=\"fusion-column-wrapper fusion-flex-column-wrapper-legacy\"><div class=\"fusion-text fusion-text-1\"><h1 style=\"text-align: center;\">Certificados<\/h1>\n<\/div><div class=\"fusion-text fusion-text-2\"><p>Loxeal tiene como objetivo la competitividad en el mercado, as\u00ed como la satisfacci\u00f3n de los clientes, con una pol\u00edtica de innovaci\u00f3n y crecimiento econ\u00f3mico en un marco de pleno respeto por el medio ambiente.<\/p>\n<p>Los certificados y las homologaciones obtenidos a lo largo de muchos a\u00f1os son la mejor garant\u00eda de la calidad de nuestros empleos y nuestros productos.<\/p>\n<\/div><div class=\"fusion-sep-clear\"><\/div><div class=\"fusion-separator fusion-full-width-sep\" style=\"margin-left: auto;margin-right: auto;margin-bottom:30px;width:100%;\"><\/div><div class=\"fusion-sep-clear\"><\/div><div class=\"fusion-clearfix\"><\/div><\/div><\/div><div class=\"fusion-layout-column fusion_builder_column fusion-builder-column-1 fusion_builder_column_3_5 3_5 fusion-three-fifth fusion-column-first\" style=\"--awb-bg-size:cover;width:60%;width:calc(60% - ( ( 4% ) * 0.6 ) );margin-right: 4%;\"><div class=\"fusion-column-wrapper fusion-flex-column-wrapper-legacy\"><div class=\"fusion-text fusion-text-3\"><p><strong>UNI EN ISO 9001<\/strong> \u2013 Esta norma establece el objetivo de satisfacer las necesidades de los clientes, de comprender y anticiparnos a sus necesidades impl\u00edcitas y expl\u00edcitas, y de ofrecer un servicio que responda a todas ellas. Para lograr tal objetivo, analizamos los procesos a fin de mejorar su eficacia y eficiencia, en la b\u00fasqueda de una mejora continua.<\/p>\n<\/div><div class=\"fusion-aligncenter\"><a class=\"fusion-button button-flat fusion-button-default-size button-default fusion-button-default button-1 fusion-button-default-span fusion-button-default-type\" target=\"_blank\" rel=\"noopener noreferrer\" href=\"https:\/\/www.loxeal.com\/wp-content\/uploads\/2023\/07\/Certificato-ISO-9001_2023.pdf\"><span class=\"fusion-button-text\">Haga clic aqu\u00ed para descargar el certificado UNI EN ISO 9001<\/span><\/a><\/div><div class=\"fusion-sep-clear\"><\/div><div class=\"fusion-separator fusion-full-width-sep\" style=\"margin-left: auto;margin-right: auto;margin-top:60px;margin-bottom:60px;width:100%;\"><\/div><div class=\"fusion-sep-clear\"><\/div><div class=\"fusion-text fusion-text-4\"><p><strong>UNI EN ISO 14001<\/strong> \u2013 Certifica el compromiso de cumplir la legislaci\u00f3n vigente en materia medioambiental y de trabajar con el prop\u00f3sito de reducir la contaminaci\u00f3n, fomentar el uso razonable de los recursos disponibles y desarrollar productos con un menor impacto en el medio ambiente. Controlamos peri\u00f3dicamente las actividades y los par\u00e1metros de los procesos que influyen en el impacto ambiental general de los centros en los que se fabrican. Por \u00faltimo, protegemos los intereses de las comunidades locales y, en un sentido m\u00e1s amplio, de la sociedad civil, cooperando de forma activa con las autoridades, las organizaciones y las Administraciones locales<\/p>\n<\/div><div class=\"fusion-aligncenter\"><a class=\"fusion-button button-flat fusion-button-default-size button-default fusion-button-default button-2 fusion-button-default-span fusion-button-default-type\" target=\"_blank\" rel=\"noopener noreferrer\" href=\"https:\/\/www.loxeal.com\/wp-content\/uploads\/2023\/07\/Certificato-ISO-14001_2023.pdf\"><span class=\"fusion-button-text\">Haga clic aqu\u00ed para descargar el certificado UNI EN ISO 14001<\/span><\/a><\/div><div class=\"fusion-clearfix\"><\/div><\/div><\/div><div class=\"fusion-layout-column fusion_builder_column fusion-builder-column-2 fusion_builder_column_2_5 2_5 fusion-two-fifth fusion-column-last\" style=\"--awb-bg-size:cover;width:40%;width:calc(40% - ( ( 4% ) * 0.4 ) );\"><div class=\"fusion-column-wrapper fusion-flex-column-wrapper-legacy\"><div class=\"fusion-image-element fusion-image-align-center in-legacy-container\" style=\"text-align:center;--awb-caption-title-font-family:var(--h2_typography-font-family);--awb-caption-title-font-weight:var(--h2_typography-font-weight);--awb-caption-title-font-style:var(--h2_typography-font-style);--awb-caption-title-size:var(--h2_typography-font-size);--awb-caption-title-transform:var(--h2_typography-text-transform);--awb-caption-title-line-height:var(--h2_typography-line-height);--awb-caption-title-letter-spacing:var(--h2_typography-letter-spacing);\"><div class=\"imageframe-align-center\"><span class=\" fusion-imageframe imageframe-dropshadow imageframe-1 hover-type-zoomin\" style=\"border:2px solid #eaeaea;-webkit-box-shadow: 3px 3px 7px rgba(51,51,51,0.3);box-shadow: 3px 3px 7px rgba(51,51,51,0.3);\"><img decoding=\"async\" width=\"279\" height=\"300\" alt=\"UNI EN ISO 9001\" title=\"CQY_9-15_14-15_RGB\" src=\"https:\/\/www.loxeal.com\/wp-content\/uploads\/2018\/03\/CQY_9-15_14-15_RGB-279x300.png\" class=\"img-responsive wp-image-6431\" srcset=\"https:\/\/www.loxeal.com\/wp-content\/uploads\/2018\/03\/CQY_9-15_14-15_RGB-200x215.png 200w, https:\/\/www.loxeal.com\/wp-content\/uploads\/2018\/03\/CQY_9-15_14-15_RGB-400x431.png 400w, https:\/\/www.loxeal.com\/wp-content\/uploads\/2018\/03\/CQY_9-15_14-15_RGB-600x646.png 600w, https:\/\/www.loxeal.com\/wp-content\/uploads\/2018\/03\/CQY_9-15_14-15_RGB.png 626w\" sizes=\"(max-width: 800px) 100vw, 600px\" \/><\/span><\/div><\/div><div class=\"fusion-sep-clear\"><\/div><div class=\"fusion-separator fusion-full-width-sep\" style=\"margin-left: auto;margin-right: auto;margin-top:20px;margin-bottom:20px;width:100%;\"><\/div><div class=\"fusion-sep-clear\"><\/div><div class=\"fusion-image-element fusion-image-align-center in-legacy-container\" style=\"text-align:center;--awb-caption-title-font-family:var(--h2_typography-font-family);--awb-caption-title-font-weight:var(--h2_typography-font-weight);--awb-caption-title-font-style:var(--h2_typography-font-style);--awb-caption-title-size:var(--h2_typography-font-size);--awb-caption-title-transform:var(--h2_typography-text-transform);--awb-caption-title-line-height:var(--h2_typography-line-height);--awb-caption-title-letter-spacing:var(--h2_typography-letter-spacing);\"><div class=\"imageframe-align-center\"><span class=\" fusion-imageframe imageframe-dropshadow imageframe-2 hover-type-zoomin\" style=\"border:2px solid #f5f5f5;-webkit-box-shadow: 3px 3px 7px rgba(51,51,51,0.3);box-shadow: 3px 3px 7px rgba(51,51,51,0.3);\"><img decoding=\"async\" width=\"279\" height=\"300\" alt=\"UNI EN ISO 14001\" title=\"LOGO_IQNET_5_certificazione_RGB\" src=\"https:\/\/www.loxeal.com\/wp-content\/uploads\/2017\/09\/LOGO_IQNET_5_certificazione_RGB-279x300.jpg\" class=\"img-responsive wp-image-3765\" srcset=\"https:\/\/www.loxeal.com\/wp-content\/uploads\/2017\/09\/LOGO_IQNET_5_certificazione_RGB-200x215.jpg 200w, https:\/\/www.loxeal.com\/wp-content\/uploads\/2017\/09\/LOGO_IQNET_5_certificazione_RGB-400x430.jpg 400w, https:\/\/www.loxeal.com\/wp-content\/uploads\/2017\/09\/LOGO_IQNET_5_certificazione_RGB-600x645.jpg 600w, https:\/\/www.loxeal.com\/wp-content\/uploads\/2017\/09\/LOGO_IQNET_5_certificazione_RGB.jpg 626w\" sizes=\"(max-width: 800px) 100vw, 600px\" \/><\/span><\/div><\/div><div class=\"fusion-clearfix\"><\/div><\/div><\/div><\/div><\/div>\n","protected":false},"excerpt":{"rendered":"","protected":false},"author":14,"featured_media":0,"parent":0,"menu_order":0,"comment_status":"closed","ping_status":"closed","template":"","meta":{"footnotes":""},"yoast_head":"<!-- This site is optimized with the Yoast SEO plugin v22.9 - https:\/\/yoast.com\/wordpress\/plugins\/seo\/ -->\n<title>Certificados | Loxeal S.r.l.<\/title>\n<meta name=\"description\" content=\"Loxeal fue una de las primeras empresas qu\u00edmicas italianas en obtener la certificaci\u00f3n UNI EN ISO 9001, a la que sigui\u00f3 UNI EN ISO 14001 en 2011.\" \/>\n<meta name=\"robots\" content=\"index, follow, max-snippet:-1, max-image-preview:large, max-video-preview:-1\" \/>\n<link rel=\"canonical\" href=\"https:\/\/www.loxeal.com\/certificazioni\/\" \/>\n<meta property=\"og:locale\" content=\"es_ES\" \/>\n<meta property=\"og:type\" content=\"article\" \/>\n<meta property=\"og:title\" content=\"Certificados | Loxeal S.r.l.\" \/>\n<meta property=\"og:description\" content=\"Loxeal fue una de las primeras empresas qu\u00edmicas italianas en obtener la certificaci\u00f3n UNI EN ISO 9001, a la que sigui\u00f3 UNI EN ISO 14001 en 2011.\" \/>\n<meta property=\"og:url\" content=\"https:\/\/www.loxeal.com\/certificazioni\/\" \/>\n<meta property=\"og:site_name\" content=\"Loxeal S.r.l.\" \/>\n<meta property=\"article:modified_time\" content=\"2023-07-03T15:04:15+00:00\" \/>\n<meta name=\"twitter:card\" content=\"summary_large_image\" \/>\n<meta name=\"twitter:label1\" content=\"Tiempo de lectura\" \/>\n\t<meta name=\"twitter:data1\" content=\"5 minutos\" \/>\n<script type=\"application\/ld+json\" class=\"yoast-schema-graph\">{\"@context\":\"https:\/\/schema.org\",\"@graph\":[{\"@type\":\"WebPage\",\"@id\":\"https:\/\/www.loxeal.com\/certificazioni\/\",\"url\":\"https:\/\/www.loxeal.com\/certificazioni\/\",\"name\":\"Certificados | Loxeal S.r.l.\",\"isPartOf\":{\"@id\":\"https:\/\/www.loxeal.com\/en\/#website\"},\"datePublished\":\"2017-11-08T12:05:28+00:00\",\"dateModified\":\"2023-07-03T15:04:15+00:00\",\"description\":\"Loxeal fue una de las primeras empresas qu\u00edmicas italianas en obtener la certificaci\u00f3n UNI EN ISO 9001, a la que sigui\u00f3 UNI EN ISO 14001 en 2011.\",\"breadcrumb\":{\"@id\":\"https:\/\/www.loxeal.com\/certificazioni\/#breadcrumb\"},\"inLanguage\":\"es\",\"potentialAction\":[{\"@type\":\"ReadAction\",\"target\":[\"https:\/\/www.loxeal.com\/certificazioni\/\"]}]},{\"@type\":\"BreadcrumbList\",\"@id\":\"https:\/\/www.loxeal.com\/certificazioni\/#breadcrumb\",\"itemListElement\":[{\"@type\":\"ListItem\",\"position\":1,\"name\":\"Home\",\"item\":\"https:\/\/www.loxeal.com\/es\/\"},{\"@type\":\"ListItem\",\"position\":2,\"name\":\"Certificados\"}]},{\"@type\":\"WebSite\",\"@id\":\"https:\/\/www.loxeal.com\/en\/#website\",\"url\":\"https:\/\/www.loxeal.com\/en\/\",\"name\":\"Loxeal S.r.l.\",\"description\":\"\",\"potentialAction\":[{\"@type\":\"SearchAction\",\"target\":{\"@type\":\"EntryPoint\",\"urlTemplate\":\"https:\/\/www.loxeal.com\/en\/?s={search_term_string}\"},\"query-input\":\"required name=search_term_string\"}],\"inLanguage\":\"es\"}]}<\/script>\n<!-- \/ Yoast SEO plugin. -->","yoast_head_json":{"title":"Certificados | Loxeal S.r.l.","description":"Loxeal fue una de las primeras empresas qu\u00edmicas italianas en obtener la certificaci\u00f3n UNI EN ISO 9001, a la que sigui\u00f3 UNI EN ISO 14001 en 2011.","robots":{"index":"index","follow":"follow","max-snippet":"max-snippet:-1","max-image-preview":"max-image-preview:large","max-video-preview":"max-video-preview:-1"},"canonical":"https:\/\/www.loxeal.com\/certificazioni\/","og_locale":"es_ES","og_type":"article","og_title":"Certificados | Loxeal S.r.l.","og_description":"Loxeal fue una de las primeras empresas qu\u00edmicas italianas en obtener la certificaci\u00f3n UNI EN ISO 9001, a la que sigui\u00f3 UNI EN ISO 14001 en 2011.","og_url":"https:\/\/www.loxeal.com\/certificazioni\/","og_site_name":"Loxeal S.r.l.","article_modified_time":"2023-07-03T15:04:15+00:00","twitter_card":"summary_large_image","twitter_misc":{"Tiempo de lectura":"5 minutos"},"schema":{"@context":"https:\/\/schema.org","@graph":[{"@type":"WebPage","@id":"https:\/\/www.loxeal.com\/certificazioni\/","url":"https:\/\/www.loxeal.com\/certificazioni\/","name":"Certificados | Loxeal S.r.l.","isPartOf":{"@id":"https:\/\/www.loxeal.com\/en\/#website"},"datePublished":"2017-11-08T12:05:28+00:00","dateModified":"2023-07-03T15:04:15+00:00","description":"Loxeal fue una de las primeras empresas qu\u00edmicas italianas en obtener la certificaci\u00f3n UNI EN ISO 9001, a la que sigui\u00f3 UNI EN ISO 14001 en 2011.","breadcrumb":{"@id":"https:\/\/www.loxeal.com\/certificazioni\/#breadcrumb"},"inLanguage":"es","potentialAction":[{"@type":"ReadAction","target":["https:\/\/www.loxeal.com\/certificazioni\/"]}]},{"@type":"BreadcrumbList","@id":"https:\/\/www.loxeal.com\/certificazioni\/#breadcrumb","itemListElement":[{"@type":"ListItem","position":1,"name":"Home","item":"https:\/\/www.loxeal.com\/es\/"},{"@type":"ListItem","position":2,"name":"Certificados"}]},{"@type":"WebSite","@id":"https:\/\/www.loxeal.com\/en\/#website","url":"https:\/\/www.loxeal.com\/en\/","name":"Loxeal S.r.l.","description":"","potentialAction":[{"@type":"SearchAction","target":{"@type":"EntryPoint","urlTemplate":"https:\/\/www.loxeal.com\/en\/?s={search_term_string}"},"query-input":"required name=search_term_string"}],"inLanguage":"es"}]}},"_links":{"self":[{"href":"https:\/\/www.loxeal.com\/es\/wp-json\/wp\/v2\/pages\/4826"}],"collection":[{"href":"https:\/\/www.loxeal.com\/es\/wp-json\/wp\/v2\/pages"}],"about":[{"href":"https:\/\/www.loxeal.com\/es\/wp-json\/wp\/v2\/types\/page"}],"author":[{"embeddable":true,"href":"https:\/\/www.loxeal.com\/es\/wp-json\/wp\/v2\/users\/14"}],"replies":[{"embeddable":true,"href":"https:\/\/www.loxeal.com\/es\/wp-json\/wp\/v2\/comments?post=4826"}],"version-history":[{"count":16,"href":"https:\/\/www.loxeal.com\/es\/wp-json\/wp\/v2\/pages\/4826\/revisions"}],"predecessor-version":[{"id":8727,"href":"https:\/\/www.loxeal.com\/es\/wp-json\/wp\/v2\/pages\/4826\/revisions\/8727"}],"wp:attachment":[{"href":"https:\/\/www.loxeal.com\/es\/wp-json\/wp\/v2\/media?parent=4826"}],"curies":[{"name":"wp","href":"https:\/\/api.w.org\/{rel}","templated":true}]}}